{"id":131447,"date":"2025-04-08T12:59:53","date_gmt":"2025-04-08T17:59:53","guid":{"rendered":"https:\/\/newportschool.edu.co\/?page_id=131447"},"modified":"2025-04-08T17:31:51","modified_gmt":"2025-04-08T22:31:51","slug":"thank-you-page","status":"publish","type":"page","link":"https:\/\/newportschool.edu.co\/es\/thank-you-page\/","title":{"rendered":"Thank you page"},"content":{"rendered":"\t\t<div data-elementor-type=\"wp-page\" data-elementor-id=\"131447\" class=\"elementor elementor-131447\" data-elementor-settings=\"{&quot;ha_cmc_init_switcher&quot;:&quot;no&quot;}\" data-elementor-post-type=\"page\">\n\t\t\t\t<div class=\"elementor-element elementor-element-4a1163f7 e-con-full e-flex e-con e-parent\" data-id=\"4a1163f7\" data-element_type=\"container\" data-e-type=\"container\" data-settings=\"{&quot;background_background&quot;:&quot;slideshow&quot;,&quot;background_slideshow_gallery&quot;:[{&quot;id&quot;:&quot;125545&quot;,&quot;url&quot;:&quot;https:\\\/\\\/newportschool.edu.co\\\/wp-content\\\/uploads\\\/sites\\\/28\\\/2024\\\/12\\\/drone9.png&quot;}],&quot;background_slideshow_loop&quot;:&quot;yes&quot;,&quot;background_slideshow_slide_duration&quot;:5000,&quot;background_slideshow_slide_transition&quot;:&quot;fade&quot;,&quot;background_slideshow_transition_duration&quot;:500,&quot;_ha_eqh_enable&quot;:false}\">\n\t\t<div class=\"elementor-element elementor-element-32de57ef e-flex e-con-boxed e-con e-child\" data-id=\"32de57ef\" data-element_type=\"container\" data-e-type=\"container\" data-settings=\"{&quot;_ha_eqh_enable&quot;:false}\">\n\t\t\t\t\t<div class=\"e-con-inner\">\n\t\t\t\t<div class=\"elementor-element elementor-element-461e6737 elementor-widget__width-initial elementor-widget elementor-widget-text-editor\" data-id=\"461e6737\" data-element_type=\"widget\" data-e-type=\"widget\" data-widget_type=\"text-editor.default\">\n\t\t\t\t<div class=\"elementor-widget-container\">\n\t\t\t\t\t\t\t\t\t<p>Gracias por diligenciar el formulario.<\/p>\t\t\t\t\t\t\t\t<\/div>\n\t\t\t\t<\/div>\n\t\t\t\t\t<\/div>\n\t\t\t\t<\/div>\n\t\t<div class=\"elementor-element elementor-element-9f54521 e-flex e-con-boxed e-con e-child\" data-id=\"9f54521\" data-element_type=\"container\" data-e-type=\"container\" data-settings=\"{&quot;_ha_eqh_enable&quot;:false}\">\n\t\t\t\t\t<div class=\"e-con-inner\">\n\t\t\t\t<div class=\"elementor-element elementor-element-26b136b elementor-widget elementor-widget-text-editor\" data-id=\"26b136b\" data-element_type=\"widget\" data-e-type=\"widget\" data-widget_type=\"text-editor.default\">\n\t\t\t\t<div class=\"elementor-widget-container\">\n\t\t\t\t\t\t\t\t\t<p>Muy pronto nuestro equipo se comunicar\u00e1 contigo.\u00a0<\/p>\t\t\t\t\t\t\t\t<\/div>\n\t\t\t\t<\/div>\n\t\t\t\t\t<\/div>\n\t\t\t\t<\/div>\n\t\t\t\t<\/div>\n\t\t\t\t<\/div>\n\t\t","protected":false},"excerpt":{"rendered":"<p>Gracias por diligenciar el formulario. Muy pronto nuestro equipo se comunicar\u00e1 contigo.\u00a0<\/p>\n","protected":false},"author":80,"featured_media":0,"parent":0,"menu_order":0,"comment_status":"closed","ping_status":"closed","template":"","meta":{"_acf_changed":false,"content-type":"","footnotes":""},"class_list":["post-131447","page","type-page","status-publish","hentry"],"acf":[],"yoast_head":"<!-- This site is optimized with the Yoast SEO plugin v27.1.1 - https:\/\/yoast.com\/product\/yoast-seo-wordpress\/ -->\n<title>Thank you page - Newport School | Colegios Redcol La evoluci\u00f3n de la educaci\u00f3n<\/title>\n<meta name=\"robots\" content=\"index, follow, max-snippet:-1, max-image-preview:large, max-video-preview:-1\" \/>\n<link rel=\"canonical\" href=\"https:\/\/newportschool.edu.co\/es\/thank-you-page\/\" \/>\n<meta property=\"og:locale\" content=\"es_ES\" \/>\n<meta property=\"og:type\" content=\"article\" \/>\n<meta property=\"og:title\" content=\"Thank you page - Newport School | Colegios Redcol La evoluci\u00f3n de la educaci\u00f3n\" \/>\n<meta property=\"og:description\" content=\"Gracias por diligenciar el formulario. Muy pronto nuestro equipo se comunicar\u00e1 contigo.\u00a0\" \/>\n<meta property=\"og:url\" content=\"https:\/\/newportschool.edu.co\/es\/thank-you-page\/\" \/>\n<meta property=\"og:site_name\" content=\"Newport School | Colegios Redcol La evoluci\u00f3n de la educaci\u00f3n\" \/>\n<meta property=\"article:publisher\" content=\"https:\/\/www.facebook.com\/newportschool\/\" \/>\n<meta property=\"article:modified_time\" content=\"2025-04-08T22:31:51+00:00\" \/>\n<meta name=\"twitter:card\" content=\"summary_large_image\" \/>\n<meta name=\"twitter:label1\" content=\"Tiempo de lectura\" \/>\n\t<meta name=\"twitter:data1\" content=\"1 minuto\" \/>\n<script type=\"application\/ld+json\" class=\"yoast-schema-graph\">{\"@context\":\"https:\/\/schema.org\",\"@graph\":[{\"@type\":\"WebPage\",\"@id\":\"https:\/\/newportschool.edu.co\/es\/thank-you-page\/\",\"url\":\"https:\/\/newportschool.edu.co\/es\/thank-you-page\/\",\"name\":\"Thank you page - Newport School | Colegios Redcol La evoluci\u00f3n de la educaci\u00f3n\",\"isPartOf\":{\"@id\":\"https:\/\/newportschool.edu.co\/es\/#website\"},\"datePublished\":\"2025-04-08T17:59:53+00:00\",\"dateModified\":\"2025-04-08T22:31:51+00:00\",\"breadcrumb\":{\"@id\":\"https:\/\/newportschool.edu.co\/es\/thank-you-page\/#breadcrumb\"},\"inLanguage\":\"es\",\"potentialAction\":[{\"@type\":\"ReadAction\",\"target\":[\"https:\/\/newportschool.edu.co\/es\/thank-you-page\/\"]}]},{\"@type\":\"BreadcrumbList\",\"@id\":\"https:\/\/newportschool.edu.co\/es\/thank-you-page\/#breadcrumb\",\"itemListElement\":[{\"@type\":\"ListItem\",\"position\":1,\"name\":\"Home\",\"item\":\"https:\/\/newportschool.edu.co\/es\/\"},{\"@type\":\"ListItem\",\"position\":2,\"name\":\"Thank you page\"}]},{\"@type\":\"WebSite\",\"@id\":\"https:\/\/newportschool.edu.co\/es\/#website\",\"url\":\"https:\/\/newportschool.edu.co\/es\/\",\"name\":\"Newport School | Colegios Redcol La evoluci\u00f3n de la educaci\u00f3n\",\"description\":\"Somos un colegio biling\u00fce, calendario A, con una metodolog\u00eda innovadora para preescolar, primaria y bachillerato. \u00a1Ven y vive la experiencia Newport School!\",\"publisher\":{\"@id\":\"https:\/\/newportschool.edu.co\/es\/#organization\"},\"potentialAction\":[{\"@type\":\"SearchAction\",\"target\":{\"@type\":\"EntryPoint\",\"urlTemplate\":\"https:\/\/newportschool.edu.co\/es\/?s={search_term_string}\"},\"query-input\":{\"@type\":\"PropertyValueSpecification\",\"valueRequired\":true,\"valueName\":\"search_term_string\"}}],\"inLanguage\":\"es\"},{\"@type\":\"Organization\",\"@id\":\"https:\/\/newportschool.edu.co\/es\/#organization\",\"name\":\"Newport School | Colegios Redcol La evoluci\u00f3n de la educaci\u00f3n\",\"url\":\"https:\/\/newportschool.edu.co\/es\/\",\"logo\":{\"@type\":\"ImageObject\",\"inLanguage\":\"es\",\"@id\":\"https:\/\/newportschool.edu.co\/es\/#\/schema\/logo\/image\/\",\"url\":\"https:\/\/newportschool.edu.co\/wp-content\/uploads\/sites\/28\/2024\/11\/cropped-LogoNewport-2.png\",\"contentUrl\":\"https:\/\/newportschool.edu.co\/wp-content\/uploads\/sites\/28\/2024\/11\/cropped-LogoNewport-2.png\",\"width\":808,\"height\":388,\"caption\":\"Newport School | Colegios Redcol La evoluci\u00f3n de la educaci\u00f3n\"},\"image\":{\"@id\":\"https:\/\/newportschool.edu.co\/es\/#\/schema\/logo\/image\/\"},\"sameAs\":[\"https:\/\/www.facebook.com\/newportschool\/\",\"https:\/\/instagram.com\/newportschool\/\",\"https:\/\/www.youtube.com\/channel\/UCkuOH6cSzNNej7FE8wZ4bMQ\"]}]}<\/script>\n<!-- \/ Yoast SEO plugin. -->","yoast_head_json":{"title":"Thank you page - Newport School | Colegios Redcol La evoluci\u00f3n de la educaci\u00f3n","robots":{"index":"index","follow":"follow","max-snippet":"max-snippet:-1","max-image-preview":"max-image-preview:large","max-video-preview":"max-video-preview:-1"},"canonical":"https:\/\/newportschool.edu.co\/es\/thank-you-page\/","og_locale":"es_ES","og_type":"article","og_title":"Thank you page - Newport School | Colegios Redcol La evoluci\u00f3n de la educaci\u00f3n","og_description":"Gracias por diligenciar el formulario. Muy pronto nuestro equipo se comunicar\u00e1 contigo.\u00a0","og_url":"https:\/\/newportschool.edu.co\/es\/thank-you-page\/","og_site_name":"Newport School | Colegios Redcol La evoluci\u00f3n de la educaci\u00f3n","article_publisher":"https:\/\/www.facebook.com\/newportschool\/","article_modified_time":"2025-04-08T22:31:51+00:00","twitter_card":"summary_large_image","twitter_misc":{"Tiempo de lectura":"1 minuto"},"schema":{"@context":"https:\/\/schema.org","@graph":[{"@type":"WebPage","@id":"https:\/\/newportschool.edu.co\/es\/thank-you-page\/","url":"https:\/\/newportschool.edu.co\/es\/thank-you-page\/","name":"Thank you page - Newport School | Colegios Redcol La evoluci\u00f3n de la educaci\u00f3n","isPartOf":{"@id":"https:\/\/newportschool.edu.co\/es\/#website"},"datePublished":"2025-04-08T17:59:53+00:00","dateModified":"2025-04-08T22:31:51+00:00","breadcrumb":{"@id":"https:\/\/newportschool.edu.co\/es\/thank-you-page\/#breadcrumb"},"inLanguage":"es","potentialAction":[{"@type":"ReadAction","target":["https:\/\/newportschool.edu.co\/es\/thank-you-page\/"]}]},{"@type":"BreadcrumbList","@id":"https:\/\/newportschool.edu.co\/es\/thank-you-page\/#breadcrumb","itemListElement":[{"@type":"ListItem","position":1,"name":"Home","item":"https:\/\/newportschool.edu.co\/es\/"},{"@type":"ListItem","position":2,"name":"Thank you page"}]},{"@type":"WebSite","@id":"https:\/\/newportschool.edu.co\/es\/#website","url":"https:\/\/newportschool.edu.co\/es\/","name":"Newport School | Colegios Redcol La evoluci\u00f3n de la educaci\u00f3n","description":"Somos un colegio biling\u00fce, calendario A, con una metodolog\u00eda innovadora para preescolar, primaria y bachillerato. \u00a1Ven y vive la experiencia Newport School!","publisher":{"@id":"https:\/\/newportschool.edu.co\/es\/#organization"},"potentialAction":[{"@type":"SearchAction","target":{"@type":"EntryPoint","urlTemplate":"https:\/\/newportschool.edu.co\/es\/?s={search_term_string}"},"query-input":{"@type":"PropertyValueSpecification","valueRequired":true,"valueName":"search_term_string"}}],"inLanguage":"es"},{"@type":"Organization","@id":"https:\/\/newportschool.edu.co\/es\/#organization","name":"Newport School | Colegios Redcol La evoluci\u00f3n de la educaci\u00f3n","url":"https:\/\/newportschool.edu.co\/es\/","logo":{"@type":"ImageObject","inLanguage":"es","@id":"https:\/\/newportschool.edu.co\/es\/#\/schema\/logo\/image\/","url":"https:\/\/newportschool.edu.co\/wp-content\/uploads\/sites\/28\/2024\/11\/cropped-LogoNewport-2.png","contentUrl":"https:\/\/newportschool.edu.co\/wp-content\/uploads\/sites\/28\/2024\/11\/cropped-LogoNewport-2.png","width":808,"height":388,"caption":"Newport School | Colegios Redcol La evoluci\u00f3n de la educaci\u00f3n"},"image":{"@id":"https:\/\/newportschool.edu.co\/es\/#\/schema\/logo\/image\/"},"sameAs":["https:\/\/www.facebook.com\/newportschool\/","https:\/\/instagram.com\/newportschool\/","https:\/\/www.youtube.com\/channel\/UCkuOH6cSzNNej7FE8wZ4bMQ"]}]}},"jetpack_sharing_enabled":true,"_links":{"self":[{"href":"https:\/\/newportschool.edu.co\/es\/wp-json\/wp\/v2\/pages\/131447","targetHints":{"allow":["GET"]}}],"collection":[{"href":"https:\/\/newportschool.edu.co\/es\/wp-json\/wp\/v2\/pages"}],"about":[{"href":"https:\/\/newportschool.edu.co\/es\/wp-json\/wp\/v2\/types\/page"}],"author":[{"embeddable":true,"href":"https:\/\/newportschool.edu.co\/es\/wp-json\/wp\/v2\/users\/80"}],"replies":[{"embeddable":true,"href":"https:\/\/newportschool.edu.co\/es\/wp-json\/wp\/v2\/comments?post=131447"}],"version-history":[{"count":20,"href":"https:\/\/newportschool.edu.co\/es\/wp-json\/wp\/v2\/pages\/131447\/revisions"}],"predecessor-version":[{"id":131490,"href":"https:\/\/newportschool.edu.co\/es\/wp-json\/wp\/v2\/pages\/131447\/revisions\/131490"}],"wp:attachment":[{"href":"https:\/\/newportschool.edu.co\/es\/wp-json\/wp\/v2\/media?parent=131447"}],"curies":[{"name":"wp","href":"https:\/\/api.w.org\/{rel}","templated":true}]}}